{"id":51,"date":"2022-01-03T14:35:48","date_gmt":"2022-01-03T14:35:48","guid":{"rendered":"https:\/\/ngc.preprodciblesolutions.com\/?page_id=51"},"modified":"2026-03-26T16:06:56","modified_gmt":"2026-03-26T16:06:56","slug":"a-propos-de-ngc","status":"publish","type":"page","link":"https:\/\/ngcaerospace.com\/fr\/a-propos-de-ngc\/","title":{"rendered":"\u00c0 propos de NCG"},"content":{"rendered":"","protected":false},"excerpt":{"rendered":"","protected":false},"author":1,"featured_media":0,"parent":0,"menu_order":7,"comment_status":"closed","ping_status":"closed","template":"","meta":{"_acf_changed":false,"footnotes":""},"class_list":["post-51","page","type-page","status-publish","hentry"],"acf":[],"yoast_head":"<!-- This site is optimized with the Yoast SEO plugin v27.2 - https:\/\/yoast.com\/product\/yoast-seo-wordpress\/ -->\n<title>Cr\u00e9ateur de syst\u00e8mes de guidage, navigation et commande |NGC<\/title>\n<meta name=\"description\" content=\"NGC est reconnue dans le monde entier pour ses syst\u00e8mes de guidage, navigation et commande (GNC) pour les v\u00e9hicules terrestres et spatiaux autonomes.\" \/>\n<meta name=\"robots\" content=\"index, follow, max-snippet:-1, max-image-preview:large, max-video-preview:-1\" \/>\n<link rel=\"canonical\" href=\"https:\/\/ngcaerospace.com\/fr\/a-propos-de-ngc\/\" \/>\n<meta property=\"og:locale\" content=\"fr_FR\" \/>\n<meta property=\"og:type\" content=\"article\" \/>\n<meta property=\"og:title\" content=\"Cr\u00e9ateur de syst\u00e8mes de guidage, navigation et commande |NGC\" \/>\n<meta property=\"og:description\" content=\"NGC est reconnue dans le monde entier pour ses syst\u00e8mes de guidage, navigation et commande (GNC) pour les v\u00e9hicules terrestres et spatiaux autonomes.\" \/>\n<meta property=\"og:url\" content=\"https:\/\/ngcaerospace.com\/fr\/a-propos-de-ngc\/\" \/>\n<meta property=\"og:site_name\" content=\"NGC A\u00e9rospatiale\" \/>\n<meta property=\"article:modified_time\" content=\"2026-03-26T16:06:56+00:00\" \/>\n<meta name=\"twitter:card\" content=\"summary_large_image\" \/>\n<script type=\"application\/ld+json\" class=\"yoast-schema-graph\">{\"@context\":\"https:\/\/schema.org\",\"@graph\":[{\"@type\":\"WebPage\",\"@id\":\"https:\/\/ngcaerospace.com\/fr\/a-propos-de-ngc\/\",\"url\":\"https:\/\/ngcaerospace.com\/fr\/a-propos-de-ngc\/\",\"name\":\"Cr\u00e9ateur de syst\u00e8mes de guidage, navigation et commande |NGC\",\"isPartOf\":{\"@id\":\"https:\/\/ngcaerospace.com\/fr\/#website\"},\"datePublished\":\"2022-01-03T14:35:48+00:00\",\"dateModified\":\"2026-03-26T16:06:56+00:00\",\"description\":\"NGC est reconnue dans le monde entier pour ses syst\u00e8mes de guidage, navigation et commande (GNC) pour les v\u00e9hicules terrestres et spatiaux autonomes.\",\"breadcrumb\":{\"@id\":\"https:\/\/ngcaerospace.com\/fr\/a-propos-de-ngc\/#breadcrumb\"},\"inLanguage\":\"fr-FR\",\"potentialAction\":[{\"@type\":\"ReadAction\",\"target\":[\"https:\/\/ngcaerospace.com\/fr\/a-propos-de-ngc\/\"]}]},{\"@type\":\"BreadcrumbList\",\"@id\":\"https:\/\/ngcaerospace.com\/fr\/a-propos-de-ngc\/#breadcrumb\",\"itemListElement\":[{\"@type\":\"ListItem\",\"position\":1,\"name\":\"Accueil\",\"item\":\"https:\/\/ngcaerospace.com\/fr\/\"},{\"@type\":\"ListItem\",\"position\":2,\"name\":\"\u00c0 propos de NCG\"}]},{\"@type\":\"WebSite\",\"@id\":\"https:\/\/ngcaerospace.com\/fr\/#website\",\"url\":\"https:\/\/ngcaerospace.com\/fr\/\",\"name\":\"NGC A\u00e9rospatiale\",\"description\":\"Un site utilisant WordPress\",\"publisher\":{\"@id\":\"https:\/\/ngcaerospace.com\/fr\/#organization\"},\"potentialAction\":[{\"@type\":\"SearchAction\",\"target\":{\"@type\":\"EntryPoint\",\"urlTemplate\":\"https:\/\/ngcaerospace.com\/fr\/?s={search_term_string}\"},\"query-input\":{\"@type\":\"PropertyValueSpecification\",\"valueRequired\":true,\"valueName\":\"search_term_string\"}}],\"inLanguage\":\"fr-FR\"},{\"@type\":\"Organization\",\"@id\":\"https:\/\/ngcaerospace.com\/fr\/#organization\",\"name\":\"NGC A\u00e9rospatiale\",\"url\":\"https:\/\/ngcaerospace.com\/fr\/\",\"logo\":{\"@type\":\"ImageObject\",\"inLanguage\":\"fr-FR\",\"@id\":\"https:\/\/ngcaerospace.com\/fr\/#\/schema\/logo\/image\/\",\"url\":\"https:\/\/ngcaerospace.com\/wp-content\/uploads\/2022\/01\/NGC_White.png\",\"contentUrl\":\"https:\/\/ngcaerospace.com\/wp-content\/uploads\/2022\/01\/NGC_White.png\",\"width\":1650,\"height\":825,\"caption\":\"NGC A\u00e9rospatiale\"},\"image\":{\"@id\":\"https:\/\/ngcaerospace.com\/fr\/#\/schema\/logo\/image\/\"}}]}<\/script>\n<!-- \/ Yoast SEO plugin. -->","yoast_head_json":{"title":"Cr\u00e9ateur de syst\u00e8mes de guidage, navigation et commande |NGC","description":"NGC est reconnue dans le monde entier pour ses syst\u00e8mes de guidage, navigation et commande (GNC) pour les v\u00e9hicules terrestres et spatiaux autonomes.","robots":{"index":"index","follow":"follow","max-snippet":"max-snippet:-1","max-image-preview":"max-image-preview:large","max-video-preview":"max-video-preview:-1"},"canonical":"https:\/\/ngcaerospace.com\/fr\/a-propos-de-ngc\/","og_locale":"fr_FR","og_type":"article","og_title":"Cr\u00e9ateur de syst\u00e8mes de guidage, navigation et commande |NGC","og_description":"NGC est reconnue dans le monde entier pour ses syst\u00e8mes de guidage, navigation et commande (GNC) pour les v\u00e9hicules terrestres et spatiaux autonomes.","og_url":"https:\/\/ngcaerospace.com\/fr\/a-propos-de-ngc\/","og_site_name":"NGC A\u00e9rospatiale","article_modified_time":"2026-03-26T16:06:56+00:00","twitter_card":"summary_large_image","schema":{"@context":"https:\/\/schema.org","@graph":[{"@type":"WebPage","@id":"https:\/\/ngcaerospace.com\/fr\/a-propos-de-ngc\/","url":"https:\/\/ngcaerospace.com\/fr\/a-propos-de-ngc\/","name":"Cr\u00e9ateur de syst\u00e8mes de guidage, navigation et commande |NGC","isPartOf":{"@id":"https:\/\/ngcaerospace.com\/fr\/#website"},"datePublished":"2022-01-03T14:35:48+00:00","dateModified":"2026-03-26T16:06:56+00:00","description":"NGC est reconnue dans le monde entier pour ses syst\u00e8mes de guidage, navigation et commande (GNC) pour les v\u00e9hicules terrestres et spatiaux autonomes.","breadcrumb":{"@id":"https:\/\/ngcaerospace.com\/fr\/a-propos-de-ngc\/#breadcrumb"},"inLanguage":"fr-FR","potentialAction":[{"@type":"ReadAction","target":["https:\/\/ngcaerospace.com\/fr\/a-propos-de-ngc\/"]}]},{"@type":"BreadcrumbList","@id":"https:\/\/ngcaerospace.com\/fr\/a-propos-de-ngc\/#breadcrumb","itemListElement":[{"@type":"ListItem","position":1,"name":"Accueil","item":"https:\/\/ngcaerospace.com\/fr\/"},{"@type":"ListItem","position":2,"name":"\u00c0 propos de NCG"}]},{"@type":"WebSite","@id":"https:\/\/ngcaerospace.com\/fr\/#website","url":"https:\/\/ngcaerospace.com\/fr\/","name":"NGC A\u00e9rospatiale","description":"Un site utilisant WordPress","publisher":{"@id":"https:\/\/ngcaerospace.com\/fr\/#organization"},"potentialAction":[{"@type":"SearchAction","target":{"@type":"EntryPoint","urlTemplate":"https:\/\/ngcaerospace.com\/fr\/?s={search_term_string}"},"query-input":{"@type":"PropertyValueSpecification","valueRequired":true,"valueName":"search_term_string"}}],"inLanguage":"fr-FR"},{"@type":"Organization","@id":"https:\/\/ngcaerospace.com\/fr\/#organization","name":"NGC A\u00e9rospatiale","url":"https:\/\/ngcaerospace.com\/fr\/","logo":{"@type":"ImageObject","inLanguage":"fr-FR","@id":"https:\/\/ngcaerospace.com\/fr\/#\/schema\/logo\/image\/","url":"https:\/\/ngcaerospace.com\/wp-content\/uploads\/2022\/01\/NGC_White.png","contentUrl":"https:\/\/ngcaerospace.com\/wp-content\/uploads\/2022\/01\/NGC_White.png","width":1650,"height":825,"caption":"NGC A\u00e9rospatiale"},"image":{"@id":"https:\/\/ngcaerospace.com\/fr\/#\/schema\/logo\/image\/"}}]}},"_links":{"self":[{"href":"https:\/\/ngcaerospace.com\/fr\/wp-json\/wp\/v2\/pages\/51","targetHints":{"allow":["GET"]}}],"collection":[{"href":"https:\/\/ngcaerospace.com\/fr\/wp-json\/wp\/v2\/pages"}],"about":[{"href":"https:\/\/ngcaerospace.com\/fr\/wp-json\/wp\/v2\/types\/page"}],"author":[{"embeddable":true,"href":"https:\/\/ngcaerospace.com\/fr\/wp-json\/wp\/v2\/users\/1"}],"replies":[{"embeddable":true,"href":"https:\/\/ngcaerospace.com\/fr\/wp-json\/wp\/v2\/comments?post=51"}],"version-history":[{"count":58,"href":"https:\/\/ngcaerospace.com\/fr\/wp-json\/wp\/v2\/pages\/51\/revisions"}],"predecessor-version":[{"id":3198,"href":"https:\/\/ngcaerospace.com\/fr\/wp-json\/wp\/v2\/pages\/51\/revisions\/3198"}],"wp:attachment":[{"href":"https:\/\/ngcaerospace.com\/fr\/wp-json\/wp\/v2\/media?parent=51"}],"curies":[{"name":"wp","href":"https:\/\/api.w.org\/{rel}","templated":true}]}}